{"id":134,"date":"2025-07-07T10:09:57","date_gmt":"2025-07-07T08:09:57","guid":{"rendered":"https:\/\/pianoservice.hu\/elerhetoseg\/"},"modified":"2025-07-14T10:32:13","modified_gmt":"2025-07-14T08:32:13","slug":"contact","status":"publish","type":"page","link":"https:\/\/pianoservice.hu\/en\/contact\/","title":{"rendered":"Contact"},"content":{"rendered":"<p>[et_pb_section fb_built=&#8221;1&#8243; _builder_version=&#8221;4.27.4&#8243; _module_preset=&#8221;default&#8221; background_color=&#8221;#000000&#8243; global_colors_info=&#8221;{}&#8221;][et_pb_row column_structure=&#8221;1_2,1_2&#8243; _builder_version=&#8221;4.27.4&#8243; _module_preset=&#8221;default&#8221; global_colors_info=&#8221;{}&#8221;][et_pb_column type=&#8221;1_2&#8243; _builder_version=&#8221;4.27.4&#8243; _module_preset=&#8221;default&#8221; global_colors_info=&#8221;{}&#8221;][et_pb_blurb title=&#8221;+36 30 878 2636&#8243; use_icon=&#8221;on&#8221; font_icon=&#8221;&#xf879;||fa||900&#8243; icon_placement=&#8221;left&#8221; _builder_version=&#8221;4.27.4&#8243; _module_preset=&#8221;default&#8221; header_text_color=&#8221;#FFFFFF&#8221; header_line_height=&#8221;1.5em&#8221; custom_padding=&#8221;3px|||||&#8221; global_colors_info=&#8221;{}&#8221;][\/et_pb_blurb][et_pb_blurb title=&#8221;pianoservicehungary@gmail.com&#8221; use_icon=&#8221;on&#8221; font_icon=&#8221;&#xe076;||divi||400&#8243; icon_placement=&#8221;left&#8221; _builder_version=&#8221;4.27.4&#8243; _module_preset=&#8221;default&#8221; header_text_color=&#8221;#FFFFFF&#8221; header_line_height=&#8221;1.5em&#8221; global_colors_info=&#8221;{}&#8221;][\/et_pb_blurb][et_pb_heading title=&#8221; Lakatos Bendeg\u00faz&#8221; _builder_version=&#8221;4.27.4&#8243; _module_preset=&#8221;default&#8221; global_colors_info=&#8221;{}&#8221;][\/et_pb_heading][et_pb_text _builder_version=&#8221;4.27.4&#8243; _module_preset=&#8221;default&#8221; hover_enabled=&#8221;0&#8243; global_colors_info=&#8221;{}&#8221; sticky_enabled=&#8221;0&#8243;]<\/p>\n<div dir=\"auto\">I graduated in 2018 from the Liszt Ferenc Academy of Music, Bart\u00f3k B\u00e9la Music Instrument Maker School, valedictorian, with a Summa cum Laude qualification, majoring in Piano Making and Repair. My workshop: Szon\u00e1ta Zongoraterem, Masters: Oszk\u00e1r Gyulasi, Tam\u00e1s Juhos<\/div>\n<div dir=\"auto\"><\/div>\n<div dir=\"auto\">Thesis: From the player piano to the Disklavier (2018)<\/div>\n<div dir=\"auto\"><\/div>\n<div dir=\"auto\">I have been working as a head technician at Szon\u00e1ta Zongoraterem since 2016<\/div>\n<div dir=\"auto\"><\/div>\n<div dir=\"auto\">Spring 2023: Yamaha Music Europe, Piano Technical Academy &#8211; Upright technical training (Hamburg)<\/div>\n<div dir=\"auto\"><\/div>\n<div dir=\"auto\">Spring 2025: Spring: Yamaha Music Europe, Piano Technical Academy &#8211; Grand piano technical training (Hamburg)<\/div>\n<div dir=\"auto\"><\/div>\n<p>[\/et_pb_text][\/et_pb_column][et_pb_column type=&#8221;1_2&#8243; _builder_version=&#8221;4.27.4&#8243; _module_preset=&#8221;default&#8221; global_colors_info=&#8221;{}&#8221;][et_pb_image src=&#8221;https:\/\/pianoservice.hu\/wp-content\/uploads\/2025\/07\/pianoservice.jpg&#8221; title_text=&#8221;pianoservice&#8221; _builder_version=&#8221;4.27.4&#8243; _module_preset=&#8221;default&#8221; box_shadow_style=&#8221;preset2&#8243; box_shadow_color=&#8221;#53664A&#8221; global_colors_info=&#8221;{}&#8221;][\/et_pb_image][\/et_pb_column][\/et_pb_row][\/et_pb_section]<\/p>\n","protected":false},"excerpt":{"rendered":"<p>I graduated in 2018 from the Liszt Ferenc Academy of Music, Bart\u00f3k B\u00e9la Music Instrument Maker School, valedictorian, with a Summa cum Laude qualification, majoring in Piano Making and Repair. My workshop: Szon\u00e1ta Zongoraterem, Masters: Oszk\u00e1r Gyulasi, Tam\u00e1s Juhos Thesis: From the player piano to the Disklavier (2018) I have been working as a head [&hellip;]<\/p>\n","protected":false},"author":1,"featured_media":0,"parent":0,"menu_order":0,"comment_status":"closed","ping_status":"closed","template":"","meta":{"_et_pb_use_builder":"on","_et_pb_old_content":"","_et_gb_content_width":"","footnotes":""},"class_list":["post-134","page","type-page","status-publish","hentry"],"yoast_head":"<!-- This site is optimized with the Yoast SEO plugin v27.1.1 - https:\/\/yoast.com\/product\/yoast-seo-wordpress\/ -->\n<title>Contact - pianoservice.hu<\/title>\n<meta name=\"robots\" content=\"index, follow, max-snippet:-1, max-image-preview:large, max-video-preview:-1\" \/>\n<link rel=\"canonical\" href=\"https:\/\/pianoservice.hu\/en\/contact\/\" \/>\n<meta property=\"og:locale\" content=\"en_US\" \/>\n<meta property=\"og:type\" content=\"article\" \/>\n<meta property=\"og:title\" content=\"Contact - pianoservice.hu\" \/>\n<meta property=\"og:description\" content=\"I graduated in 2018 from the Liszt Ferenc Academy of Music, Bart\u00f3k B\u00e9la Music Instrument Maker School, valedictorian, with a Summa cum Laude qualification, majoring in Piano Making and Repair. My workshop: Szon\u00e1ta Zongoraterem, Masters: Oszk\u00e1r Gyulasi, Tam\u00e1s Juhos Thesis: From the player piano to the Disklavier (2018) I have been working as a head [&hellip;]\" \/>\n<meta property=\"og:url\" content=\"https:\/\/pianoservice.hu\/en\/contact\/\" \/>\n<meta property=\"og:site_name\" content=\"pianoservice.hu\" \/>\n<meta property=\"article:modified_time\" content=\"2025-07-14T08:32:13+00:00\" \/>\n<meta name=\"twitter:card\" content=\"summary_large_image\" \/>\n<meta name=\"twitter:label1\" content=\"Est. reading time\" \/>\n\t<meta name=\"twitter:data1\" content=\"1 minute\" \/>\n<script type=\"application\/ld+json\" class=\"yoast-schema-graph\">{\"@context\":\"https:\/\/schema.org\",\"@graph\":[{\"@type\":\"WebPage\",\"@id\":\"https:\/\/pianoservice.hu\/en\/contact\/\",\"url\":\"https:\/\/pianoservice.hu\/en\/contact\/\",\"name\":\"Contact - pianoservice.hu\",\"isPartOf\":{\"@id\":\"https:\/\/pianoservice.hu\/en\/#website\"},\"datePublished\":\"2025-07-07T08:09:57+00:00\",\"dateModified\":\"2025-07-14T08:32:13+00:00\",\"breadcrumb\":{\"@id\":\"https:\/\/pianoservice.hu\/en\/contact\/#breadcrumb\"},\"inLanguage\":\"en-US\",\"potentialAction\":[{\"@type\":\"ReadAction\",\"target\":[\"https:\/\/pianoservice.hu\/en\/contact\/\"]}]},{\"@type\":\"BreadcrumbList\",\"@id\":\"https:\/\/pianoservice.hu\/en\/contact\/#breadcrumb\",\"itemListElement\":[{\"@type\":\"ListItem\",\"position\":1,\"name\":\"Kezd\u0151lap\",\"item\":\"https:\/\/pianoservice.hu\/en\/\"},{\"@type\":\"ListItem\",\"position\":2,\"name\":\"Contact\"}]},{\"@type\":\"WebSite\",\"@id\":\"https:\/\/pianoservice.hu\/en\/#website\",\"url\":\"https:\/\/pianoservice.hu\/en\/\",\"name\":\"pianoservice.hu\",\"description\":\"\",\"publisher\":{\"@id\":\"https:\/\/pianoservice.hu\/en\/#organization\"},\"potentialAction\":[{\"@type\":\"SearchAction\",\"target\":{\"@type\":\"EntryPoint\",\"urlTemplate\":\"https:\/\/pianoservice.hu\/en\/?s={search_term_string}\"},\"query-input\":{\"@type\":\"PropertyValueSpecification\",\"valueRequired\":true,\"valueName\":\"search_term_string\"}}],\"inLanguage\":\"en-US\"},{\"@type\":\"Organization\",\"@id\":\"https:\/\/pianoservice.hu\/en\/#organization\",\"name\":\"pianoservice.hu\",\"url\":\"https:\/\/pianoservice.hu\/en\/\",\"logo\":{\"@type\":\"ImageObject\",\"inLanguage\":\"en-US\",\"@id\":\"https:\/\/pianoservice.hu\/en\/#\/schema\/logo\/image\/\",\"url\":\"https:\/\/pianoservice.hu\/wp-content\/uploads\/2025\/07\/pianoservice.hu1_.png\",\"contentUrl\":\"https:\/\/pianoservice.hu\/wp-content\/uploads\/2025\/07\/pianoservice.hu1_.png\",\"width\":260,\"height\":120,\"caption\":\"pianoservice.hu\"},\"image\":{\"@id\":\"https:\/\/pianoservice.hu\/en\/#\/schema\/logo\/image\/\"}}]}<\/script>\n<!-- \/ Yoast SEO plugin. -->","yoast_head_json":{"title":"Contact - pianoservice.hu","robots":{"index":"index","follow":"follow","max-snippet":"max-snippet:-1","max-image-preview":"max-image-preview:large","max-video-preview":"max-video-preview:-1"},"canonical":"https:\/\/pianoservice.hu\/en\/contact\/","og_locale":"en_US","og_type":"article","og_title":"Contact - pianoservice.hu","og_description":"I graduated in 2018 from the Liszt Ferenc Academy of Music, Bart\u00f3k B\u00e9la Music Instrument Maker School, valedictorian, with a Summa cum Laude qualification, majoring in Piano Making and Repair. My workshop: Szon\u00e1ta Zongoraterem, Masters: Oszk\u00e1r Gyulasi, Tam\u00e1s Juhos Thesis: From the player piano to the Disklavier (2018) I have been working as a head [&hellip;]","og_url":"https:\/\/pianoservice.hu\/en\/contact\/","og_site_name":"pianoservice.hu","article_modified_time":"2025-07-14T08:32:13+00:00","twitter_card":"summary_large_image","twitter_misc":{"Est. reading time":"1 minute"},"schema":{"@context":"https:\/\/schema.org","@graph":[{"@type":"WebPage","@id":"https:\/\/pianoservice.hu\/en\/contact\/","url":"https:\/\/pianoservice.hu\/en\/contact\/","name":"Contact - pianoservice.hu","isPartOf":{"@id":"https:\/\/pianoservice.hu\/en\/#website"},"datePublished":"2025-07-07T08:09:57+00:00","dateModified":"2025-07-14T08:32:13+00:00","breadcrumb":{"@id":"https:\/\/pianoservice.hu\/en\/contact\/#breadcrumb"},"inLanguage":"en-US","potentialAction":[{"@type":"ReadAction","target":["https:\/\/pianoservice.hu\/en\/contact\/"]}]},{"@type":"BreadcrumbList","@id":"https:\/\/pianoservice.hu\/en\/contact\/#breadcrumb","itemListElement":[{"@type":"ListItem","position":1,"name":"Kezd\u0151lap","item":"https:\/\/pianoservice.hu\/en\/"},{"@type":"ListItem","position":2,"name":"Contact"}]},{"@type":"WebSite","@id":"https:\/\/pianoservice.hu\/en\/#website","url":"https:\/\/pianoservice.hu\/en\/","name":"pianoservice.hu","description":"","publisher":{"@id":"https:\/\/pianoservice.hu\/en\/#organization"},"potentialAction":[{"@type":"SearchAction","target":{"@type":"EntryPoint","urlTemplate":"https:\/\/pianoservice.hu\/en\/?s={search_term_string}"},"query-input":{"@type":"PropertyValueSpecification","valueRequired":true,"valueName":"search_term_string"}}],"inLanguage":"en-US"},{"@type":"Organization","@id":"https:\/\/pianoservice.hu\/en\/#organization","name":"pianoservice.hu","url":"https:\/\/pianoservice.hu\/en\/","logo":{"@type":"ImageObject","inLanguage":"en-US","@id":"https:\/\/pianoservice.hu\/en\/#\/schema\/logo\/image\/","url":"https:\/\/pianoservice.hu\/wp-content\/uploads\/2025\/07\/pianoservice.hu1_.png","contentUrl":"https:\/\/pianoservice.hu\/wp-content\/uploads\/2025\/07\/pianoservice.hu1_.png","width":260,"height":120,"caption":"pianoservice.hu"},"image":{"@id":"https:\/\/pianoservice.hu\/en\/#\/schema\/logo\/image\/"}}]}},"_links":{"self":[{"href":"https:\/\/pianoservice.hu\/en\/wp-json\/wp\/v2\/pages\/134","targetHints":{"allow":["GET"]}}],"collection":[{"href":"https:\/\/pianoservice.hu\/en\/wp-json\/wp\/v2\/pages"}],"about":[{"href":"https:\/\/pianoservice.hu\/en\/wp-json\/wp\/v2\/types\/page"}],"author":[{"embeddable":true,"href":"https:\/\/pianoservice.hu\/en\/wp-json\/wp\/v2\/users\/1"}],"replies":[{"embeddable":true,"href":"https:\/\/pianoservice.hu\/en\/wp-json\/wp\/v2\/comments?post=134"}],"version-history":[{"count":4,"href":"https:\/\/pianoservice.hu\/en\/wp-json\/wp\/v2\/pages\/134\/revisions"}],"predecessor-version":[{"id":215,"href":"https:\/\/pianoservice.hu\/en\/wp-json\/wp\/v2\/pages\/134\/revisions\/215"}],"wp:attachment":[{"href":"https:\/\/pianoservice.hu\/en\/wp-json\/wp\/v2\/media?parent=134"}],"curies":[{"name":"wp","href":"https:\/\/api.w.org\/{rel}","templated":true}]}}